{"id":1034,"date":"2020-01-10T14:42:00","date_gmt":"2020-01-10T14:42:00","guid":{"rendered":"http:\/\/hob-immo.be\/partenaires\/"},"modified":"2022-10-13T15:51:59","modified_gmt":"2022-10-13T13:51:59","slug":"partenaires","status":"publish","type":"page","link":"https:\/\/hob-immo.be\/de\/partenaires\/","title":{"rendered":"Partner"},"content":{"rendered":"\n<p>Die enge Zusammenarbeit mit zuverl\u00e4ssigen und kompetenten Partnern verschiedenster Bereiche erm\u00f6glicht es uns, Ihnen einen umfassenden und starken Service rund um die Immobilie zu bieten. Werfen Sie einen Blick auf unser Netzwerk und lernen Sie unsere Partner kennen.&nbsp;&nbsp;<br><\/p>\n\n\n<div class=\"pb-3 team partner-listing \" id=\"teasers-block_8b9eb21696853f166185384b1e5626f4\">\r\n        <div class=\"row mb-4\">\r\n        <div class=\"col-md-5 text-center\">\r\n                        <img decoding=\"async\" src=\"https:\/\/hob-immo.be\/wp-content\/uploads\/DE_Schilling_Logo_FR_293U.jpg\" alt=\"\" class=\"img-fluid\" \/>\r\n                    <\/div>\r\n        <div class=\"col-md-7\">\r\n            <h2 class=\"mt-0\">Schilling<\/h2>\r\n            Seit mehr als 70 Jahren hat das Unternehmen sich auf individuelle L\u00f6sungen im Hoch- und Tiefbau spezialisiert. Dabei arbeiten Sie sowohl f\u00fcr private als auch f\u00fcr gewerbliche und \u00f6ffentliche Auftraggeber. Sie sind in ganz Luxemburg und im Grenzgebiet f\u00fcr unsere Kunden unterwegs.                    <\/div>\r\n    <\/div>\r\n    <\/div>\r\n\n\n<div class=\"pb-3 team partner-listing \" id=\"teasers-block_a9f0e2b5afb10bde558bf24db5425b56\">\r\n        <div class=\"row mb-4\">\r\n        <div class=\"col-md-5 text-center\">\r\n                        <img decoding=\"async\" src=\"https:\/\/hob-immo.be\/wp-content\/uploads\/MGH.jpg\" alt=\"\" class=\"img-fluid\" \/>\r\n                    <\/div>\r\n        <div class=\"col-md-7\">\r\n            <h2 class=\"mt-0\">mgh immo<\/h2>\r\n            mgh immo ist Ihr Spezialist f\u00fcr die Verwaltung von Wohn- und B\u00fcrogeb\u00e4uden. Dabei sind Transparenz und Qualit\u00e4t der Schl\u00fcssel zu ihrem Erfolg. Ihre Aufgabe ist die Verwaltung des gemeinschaftlichen Eigentums. Das bedeutet, die kaufm\u00e4nnische, technische und rechtliche Gesch\u00e4ftsf\u00fchrung im gemeinschaftlichen Interesse aller Wohnungseigent\u00fcmer. Profitieren Sie von ihrer langj\u00e4hrigen Erfahrung und vereinfachen Sie so das Leben Ihrer Wohnungseigent\u00fcmergemeinschaft.                    <\/div>\r\n    <\/div>\r\n    <\/div>\r\n\n\n<div class=\"pb-3 team partner-listing \" id=\"teasers-block_d28c989372c6c85cf0c31a132ca6759a\">\r\n        <div class=\"row mb-4\">\r\n        <div class=\"col-md-5 text-center\">\r\n                        <img decoding=\"async\" src=\"https:\/\/hob-immo.be\/wp-content\/uploads\/header-logo-1.png\" alt=\"\" class=\"img-fluid\" \/>\r\n                    <\/div>\r\n        <div class=\"col-md-7\">\r\n            <h2 class=\"mt-0\">HOB Luxemburg<\/h2>\r\n            Sie sind eine Immobilienagentur und gleichzeitig als Bautr\u00e4ger auf die Umsetzung von Immobilienprojekten spezialisiert. Ihre Erfahrung, ihr breites Netzwerk und ihre hervorragende Kenntnis des luxemburgischen Marktes zeichnen sie aus. Sie sind ein selbstst\u00e4ndiger Bautr\u00e4ger, der seine Partner aus freiem Ermessen w\u00e4hlt. Dank unserem luxemburgischen Partnerunternehmen beraten wir unsere Kunden auf grenz\u00fcbergreifender Ebene.                     <\/div>\r\n    <\/div>\r\n    <\/div>\r\n","protected":false},"excerpt":{"rendered":"<p>Die enge Zusammenarbeit mit zuverl\u00e4ssigen und kompetenten Partnern verschiedenster Bereiche [&hellip;]<\/p>\n","protected":false},"author":5,"featured_media":3947,"parent":0,"menu_order":4,"comment_status":"closed","ping_status":"closed","template":"","meta":{"_acf_changed":false,"footnotes":""},"class_list":["post-1034","page","type-page","status-publish","has-post-thumbnail","hentry"],"acf":[],"yoast_head":"<!-- This site is optimized with the Yoast SEO plugin v27.5 - https:\/\/yoast.com\/product\/yoast-seo-wordpress\/ -->\n<title>Partner - HOB Real Estate - HOB Real Estate<\/title>\n<meta name=\"description\" content=\"HOB \u2013 das Partnernetzwerk Fachkompetenz\u2713 Anerkannte regionale Betriebe\u2713 Starkes Netzwerk\u2713 Profitieren Sie von unserer Zusammenarbeit mit kompetenten Partnern.k\" \/>\n<meta name=\"robots\" content=\"index, follow, max-snippet:-1, max-image-preview:large, max-video-preview:-1\" \/>\n<link rel=\"canonical\" href=\"https:\/\/hob-immo.be\/de\/partenaires\/\" \/>\n<meta property=\"og:locale\" content=\"de_DE\" \/>\n<meta property=\"og:type\" content=\"article\" \/>\n<meta property=\"og:title\" content=\"Partner - HOB Real Estate\" \/>\n<meta property=\"og:description\" content=\"HOB \u2013 das Partnernetzwerk Fachkompetenz\u2713 Anerkannte regionale Betriebe\u2713 Starkes Netzwerk\u2713 Profitieren Sie von unserer Zusammenarbeit mit kompetenten Partnern.k\" \/>\n<meta property=\"og:url\" content=\"https:\/\/hob-immo.be\/de\/partenaires\/\" \/>\n<meta property=\"og:site_name\" content=\"HOB Real Estate\" \/>\n<meta property=\"article:modified_time\" content=\"2022-10-13T13:51:59+00:00\" \/>\n<meta property=\"og:image\" content=\"https:\/\/hob-immo.be\/wp-content\/uploads\/Buro-Marlo-Versammlungstisch-2.jpg\" \/>\n\t<meta property=\"og:image:width\" content=\"2048\" \/>\n\t<meta property=\"og:image:height\" content=\"1536\" \/>\n\t<meta property=\"og:image:type\" content=\"image\/jpeg\" \/>\n<meta name=\"twitter:card\" content=\"summary_large_image\" \/>\n<meta name=\"twitter:label1\" content=\"Gesch\u00e4tzte Lesezeit\" \/>\n\t<meta name=\"twitter:data1\" content=\"1\u00a0Minute\" \/>\n<script type=\"application\/ld+json\" class=\"yoast-schema-graph\">{\"@context\":\"https:\\\/\\\/schema.org\",\"@graph\":[{\"@type\":\"WebPage\",\"@id\":\"https:\\\/\\\/hob-immo.be\\\/de\\\/partenaires\\\/\",\"url\":\"https:\\\/\\\/hob-immo.be\\\/de\\\/partenaires\\\/\",\"name\":\"Partner - HOB Real Estate\",\"isPartOf\":{\"@id\":\"https:\\\/\\\/hob-immo.be\\\/de\\\/#website\"},\"primaryImageOfPage\":{\"@id\":\"https:\\\/\\\/hob-immo.be\\\/de\\\/partenaires\\\/#primaryimage\"},\"image\":{\"@id\":\"https:\\\/\\\/hob-immo.be\\\/de\\\/partenaires\\\/#primaryimage\"},\"thumbnailUrl\":\"https:\\\/\\\/hob-immo.be\\\/wp-content\\\/uploads\\\/Buro-Marlo-Versammlungstisch-2.jpg\",\"datePublished\":\"2020-01-10T14:42:00+00:00\",\"dateModified\":\"2022-10-13T13:51:59+00:00\",\"description\":\"HOB \u2013 das Partnernetzwerk Fachkompetenz\u2713 Anerkannte regionale Betriebe\u2713 Starkes Netzwerk\u2713 Profitieren Sie von unserer Zusammenarbeit mit kompetenten Partnern.k\",\"breadcrumb\":{\"@id\":\"https:\\\/\\\/hob-immo.be\\\/de\\\/partenaires\\\/#breadcrumb\"},\"inLanguage\":\"de\",\"potentialAction\":[{\"@type\":\"ReadAction\",\"target\":[\"https:\\\/\\\/hob-immo.be\\\/de\\\/partenaires\\\/\"]}]},{\"@type\":\"ImageObject\",\"inLanguage\":\"de\",\"@id\":\"https:\\\/\\\/hob-immo.be\\\/de\\\/partenaires\\\/#primaryimage\",\"url\":\"https:\\\/\\\/hob-immo.be\\\/wp-content\\\/uploads\\\/Buro-Marlo-Versammlungstisch-2.jpg\",\"contentUrl\":\"https:\\\/\\\/hob-immo.be\\\/wp-content\\\/uploads\\\/Buro-Marlo-Versammlungstisch-2.jpg\",\"width\":2048,\"height\":1536},{\"@type\":\"BreadcrumbList\",\"@id\":\"https:\\\/\\\/hob-immo.be\\\/de\\\/partenaires\\\/#breadcrumb\",\"itemListElement\":[{\"@type\":\"ListItem\",\"position\":1,\"name\":\"Accueil\",\"item\":\"https:\\\/\\\/hob-immo.be\\\/de\\\/\"},{\"@type\":\"ListItem\",\"position\":2,\"name\":\"Partner\"}]},{\"@type\":\"WebSite\",\"@id\":\"https:\\\/\\\/hob-immo.be\\\/de\\\/#website\",\"url\":\"https:\\\/\\\/hob-immo.be\\\/de\\\/\",\"name\":\"HOB Real Estate\",\"description\":\"Immobilien, die zu Ihnen und Ihrem Leben passen\",\"potentialAction\":[{\"@type\":\"SearchAction\",\"target\":{\"@type\":\"EntryPoint\",\"urlTemplate\":\"https:\\\/\\\/hob-immo.be\\\/de\\\/?s={search_term_string}\"},\"query-input\":{\"@type\":\"PropertyValueSpecification\",\"valueRequired\":true,\"valueName\":\"search_term_string\"}}],\"inLanguage\":\"de\"}]}<\/script>\n<!-- \/ Yoast SEO plugin. -->","yoast_head_json":{"title":"Partner - HOB Real Estate - HOB Real Estate","description":"HOB \u2013 das Partnernetzwerk Fachkompetenz\u2713 Anerkannte regionale Betriebe\u2713 Starkes Netzwerk\u2713 Profitieren Sie von unserer Zusammenarbeit mit kompetenten Partnern.k","robots":{"index":"index","follow":"follow","max-snippet":"max-snippet:-1","max-image-preview":"max-image-preview:large","max-video-preview":"max-video-preview:-1"},"canonical":"https:\/\/hob-immo.be\/de\/partenaires\/","og_locale":"de_DE","og_type":"article","og_title":"Partner - HOB Real Estate","og_description":"HOB \u2013 das Partnernetzwerk Fachkompetenz\u2713 Anerkannte regionale Betriebe\u2713 Starkes Netzwerk\u2713 Profitieren Sie von unserer Zusammenarbeit mit kompetenten Partnern.k","og_url":"https:\/\/hob-immo.be\/de\/partenaires\/","og_site_name":"HOB Real Estate","article_modified_time":"2022-10-13T13:51:59+00:00","og_image":[{"width":2048,"height":1536,"url":"https:\/\/hob-immo.be\/wp-content\/uploads\/Buro-Marlo-Versammlungstisch-2.jpg","type":"image\/jpeg"}],"twitter_card":"summary_large_image","twitter_misc":{"Gesch\u00e4tzte Lesezeit":"1\u00a0Minute"},"schema":{"@context":"https:\/\/schema.org","@graph":[{"@type":"WebPage","@id":"https:\/\/hob-immo.be\/de\/partenaires\/","url":"https:\/\/hob-immo.be\/de\/partenaires\/","name":"Partner - HOB Real Estate","isPartOf":{"@id":"https:\/\/hob-immo.be\/de\/#website"},"primaryImageOfPage":{"@id":"https:\/\/hob-immo.be\/de\/partenaires\/#primaryimage"},"image":{"@id":"https:\/\/hob-immo.be\/de\/partenaires\/#primaryimage"},"thumbnailUrl":"https:\/\/hob-immo.be\/wp-content\/uploads\/Buro-Marlo-Versammlungstisch-2.jpg","datePublished":"2020-01-10T14:42:00+00:00","dateModified":"2022-10-13T13:51:59+00:00","description":"HOB \u2013 das Partnernetzwerk Fachkompetenz\u2713 Anerkannte regionale Betriebe\u2713 Starkes Netzwerk\u2713 Profitieren Sie von unserer Zusammenarbeit mit kompetenten Partnern.k","breadcrumb":{"@id":"https:\/\/hob-immo.be\/de\/partenaires\/#breadcrumb"},"inLanguage":"de","potentialAction":[{"@type":"ReadAction","target":["https:\/\/hob-immo.be\/de\/partenaires\/"]}]},{"@type":"ImageObject","inLanguage":"de","@id":"https:\/\/hob-immo.be\/de\/partenaires\/#primaryimage","url":"https:\/\/hob-immo.be\/wp-content\/uploads\/Buro-Marlo-Versammlungstisch-2.jpg","contentUrl":"https:\/\/hob-immo.be\/wp-content\/uploads\/Buro-Marlo-Versammlungstisch-2.jpg","width":2048,"height":1536},{"@type":"BreadcrumbList","@id":"https:\/\/hob-immo.be\/de\/partenaires\/#breadcrumb","itemListElement":[{"@type":"ListItem","position":1,"name":"Accueil","item":"https:\/\/hob-immo.be\/de\/"},{"@type":"ListItem","position":2,"name":"Partner"}]},{"@type":"WebSite","@id":"https:\/\/hob-immo.be\/de\/#website","url":"https:\/\/hob-immo.be\/de\/","name":"HOB Real Estate","description":"Immobilien, die zu Ihnen und Ihrem Leben passen","potentialAction":[{"@type":"SearchAction","target":{"@type":"EntryPoint","urlTemplate":"https:\/\/hob-immo.be\/de\/?s={search_term_string}"},"query-input":{"@type":"PropertyValueSpecification","valueRequired":true,"valueName":"search_term_string"}}],"inLanguage":"de"}]}},"_links":{"self":[{"href":"https:\/\/hob-immo.be\/de\/wp-json\/wp\/v2\/pages\/1034","targetHints":{"allow":["GET"]}}],"collection":[{"href":"https:\/\/hob-immo.be\/de\/wp-json\/wp\/v2\/pages"}],"about":[{"href":"https:\/\/hob-immo.be\/de\/wp-json\/wp\/v2\/types\/page"}],"author":[{"embeddable":true,"href":"https:\/\/hob-immo.be\/de\/wp-json\/wp\/v2\/users\/5"}],"replies":[{"embeddable":true,"href":"https:\/\/hob-immo.be\/de\/wp-json\/wp\/v2\/comments?post=1034"}],"version-history":[{"count":0,"href":"https:\/\/hob-immo.be\/de\/wp-json\/wp\/v2\/pages\/1034\/revisions"}],"wp:featuredmedia":[{"embeddable":true,"href":"https:\/\/hob-immo.be\/de\/wp-json\/wp\/v2\/media\/3947"}],"wp:attachment":[{"href":"https:\/\/hob-immo.be\/de\/wp-json\/wp\/v2\/media?parent=1034"}],"curies":[{"name":"wp","href":"https:\/\/api.w.org\/{rel}","templated":true}]}}