{"id":1035,"date":"2020-01-10T14:41:29","date_gmt":"2020-01-10T14:41:29","guid":{"rendered":"https:\/\/hob-immo.be\/services\/"},"modified":"2025-12-22T12:47:21","modified_gmt":"2025-12-22T10:47:21","slug":"services","status":"publish","type":"page","link":"https:\/\/hob-immo.be\/de\/services\/","title":{"rendered":"Leistungen"},"content":{"rendered":"\n<h2 class=\"wp-block-heading\"><strong>Umfassende Leistungen aus einer Hand<\/strong><\/h2>\n\n\n\n<p>Sie sind auf der Suche nach einem kompetenten Partner f\u00fcr den Kauf, Verkauf oder die Vermietung einer Immobilie? Dann sind Sie bei uns genau richtig. Wir stehen Ihnen mit einem umfassenden Leistungsangebot zur Seite. Auch im Bereich der Immobilienbewertung d\u00fcrfen Sie auf unser Know-how und unsere Erfahrung z\u00e4hlen. Lassen Sie sich von unseren Experten bei jedem Schritt begleiten.<\/p>\n\n\n\n<h2 class=\"wp-block-heading\"><strong>Kauf, Verkauf oder Vermietung \u2013 Immobilienservice von HOB<\/strong> Real Estate<a href=\"https:\/\/hob-immo.be\/wp-admin\/edit.php?post_type=page\"><\/a><\/h2>\n\n\n\n<p>Das neue Zuhause soll zu Ihnen und Ihren individuellen Anspr\u00fcchen passen. Sie haben eine genaue Vorstellung von den Kriterien, die das Eigenheim erf\u00fcllen soll, kennen das individuelle Budget und lieb\u00e4ugeln auch bereits mit einer bestimmten Region? Perfekt! Als bedeutender Akteur auf dem regionalen Markt kommen wir genau hier ins Spiel und stehen Ihnen mit einem breitgef\u00e4cherten Portfolio an Objekten sowie einem starken Service rund um das Thema \u201eHaus kaufen in Belgien\u201c zur Seite. Legen Sie die Suche nach Ihrer Traum-Immobilie vertrauensvoll in unsere H\u00e4nde.<br><br>Auch dann, wenn Sie den Verkauf von Wohnungen, H\u00e4usern oder Geb\u00e4uden planen, d\u00fcrfen Sie auf die Kompetenz von HOB REAL ESTATE z\u00e4hlen. Wir kennen den regionalen Markt und sind so in der Lage, Ihnen eine realistische Preiseinsch\u00e4tzung zu geben. Haben Sie uns mit dem Verkauf beauftragt, beginnen wir mit dem Bewerben auf verschiedenen Kan\u00e4len und k\u00fcmmern uns selbstverst\u00e4ndlich auch um etwaige Besichtigungstermine. Von der Beauftragung bis hin zur Unterzeichnung des Kaufvertrags \u2013 auf unseren Immoservice k\u00f6nnen Sie z\u00e4hlen!<br><br>Sie m\u00f6chten eine Immobilie vermieten? Wir \u00fcbernehmen auch das f\u00fcr Sie! Von der Bewerbung des Objekts \u00fcber Besichtigungen bis hin zur Unterzeichnung des Mietvertrags stehen wir Ihnen und Ihrem potentiellen Mieter bis zum Einzug begleitend zur Seite.<\/p>\n\n\n\n<h2 class=\"wp-block-heading\">Immobilienbewertung \u2013 die professionelle Wertermittlung <\/h2>\n\n\n\n<p>Eine fundierte Immobilienbewertung bildet die Grundlage f\u00fcr jede erfolgreiche Transaktion. Wir ermitteln den realistischen Marktwert Ihrer Immobilie unter Ber\u00fccksichtigung von Lage, Zustand, Ausstattung und aktuellen Markttrends. Die Beauftragung eines Maklers daf\u00fcr bringt entscheidende Vorteile: Sie profitieren von objektivem Fachwissen, einer sicheren Entscheidungsgrundlage und strategischer Beratung. So k\u00f6nnen Sie Ihre Immobilie bestm\u00f6glich positionieren und sowohl Verkauf als auch Vermietung optimal vorbereiten.<\/p>\n\n\n\n<h2 class=\"wp-block-heading\"><strong>Immobilienverwaltung \u2013 starke Leistungen f\u00fcr Eigent\u00fcmer und Vertragspartner<\/strong><\/h2>\n\n\n\n<p>Ob Betreuung von Mietern oder Wohnungseigent\u00fcmern, Organisation von Geb\u00e4udereinigung und Winterdienst oder die \u00dcbernahme von Wartungs- und Reparaturarbeiten: Wenn Sie Eigent\u00fcmer einer Immobilie sind und die t\u00e4glich anfallenden Aufgaben gerne auslagern m\u00f6chten, sind wir Ihr Ansprechpartner. HOB Real Estate ist Ihre Immobilienverwaltung in der Region und bietet Ihnen als externer Dienstleister umfassende Serviceleistungen aus einer Hand. Zuverl\u00e4ssigkeit, reibungslose Abl\u00e4ufe und das n\u00f6tige Know-how \u2013 HOB Real Estate ist das zentrale Bindeglied zwischen Ihnen und Ihren Vertragspartnern.<br><br>Entscheiden Sie sich f\u00fcr eine Hausverwaltung durch HOB Real Estate, so profitieren Sie von vollkommener Kostenkontrolle und einem Maximum an Transparenz. Sprechen Sie uns an \u2013 gerne unterbreiten wir Ihnen ein individuelles Angebot.<\/p>\n","protected":false},"excerpt":{"rendered":"<p>Umfassende Leistungen aus einer Hand Sie sind auf der Suche [&hellip;]<\/p>\n","protected":false},"author":1,"featured_media":8435,"parent":0,"menu_order":20,"comment_status":"closed","ping_status":"closed","template":"","meta":{"_acf_changed":false,"footnotes":""},"class_list":["post-1035","page","type-page","status-publish","has-post-thumbnail","hentry"],"acf":[],"yoast_head":"<!-- This site is optimized with the Yoast SEO plugin v27.3 - https:\/\/yoast.com\/product\/yoast-seo-wordpress\/ -->\n<title>Leistungen - HOB Real Estate - HOB Real Estate<\/title>\n<meta name=\"description\" content=\"Umfassende Leistungen aus einer Hand \u2013 HOB. Kauf\u2713 Verkauf\u2713 Vermietung\u2713 Immobilienverwaltung\u2713 Home &amp; Office Building steht Kunden mit umfassenden Serviceleistungen zur Seite.\" \/>\n<meta name=\"robots\" content=\"index, follow, max-snippet:-1, max-image-preview:large, max-video-preview:-1\" \/>\n<link rel=\"canonical\" href=\"https:\/\/hob-immo.be\/de\/services\/\" \/>\n<meta property=\"og:locale\" content=\"de_DE\" \/>\n<meta property=\"og:type\" content=\"article\" \/>\n<meta property=\"og:title\" content=\"Leistungen - HOB Real Estate\" \/>\n<meta property=\"og:description\" content=\"Umfassende Leistungen aus einer Hand \u2013 HOB. Kauf\u2713 Verkauf\u2713 Vermietung\u2713 Immobilienverwaltung\u2713 Home &amp; Office Building steht Kunden mit umfassenden Serviceleistungen zur Seite.\" \/>\n<meta property=\"og:url\" content=\"https:\/\/hob-immo.be\/de\/services\/\" \/>\n<meta property=\"og:site_name\" content=\"HOB Real Estate\" \/>\n<meta property=\"article:modified_time\" content=\"2025-12-22T10:47:21+00:00\" \/>\n<meta property=\"og:image\" content=\"https:\/\/hob-immo.be\/wp-content\/uploads\/85-HOB-85-scaled.jpg\" \/>\n\t<meta property=\"og:image:width\" content=\"2560\" \/>\n\t<meta property=\"og:image:height\" content=\"1707\" \/>\n\t<meta property=\"og:image:type\" content=\"image\/jpeg\" \/>\n<meta name=\"twitter:card\" content=\"summary_large_image\" \/>\n<meta name=\"twitter:label1\" content=\"Gesch\u00e4tzte Lesezeit\" \/>\n\t<meta name=\"twitter:data1\" content=\"3\u00a0Minute\" \/>\n<script type=\"application\/ld+json\" class=\"yoast-schema-graph\">{\"@context\":\"https:\\\/\\\/schema.org\",\"@graph\":[{\"@type\":\"WebPage\",\"@id\":\"https:\\\/\\\/hob-immo.be\\\/de\\\/services\\\/\",\"url\":\"https:\\\/\\\/hob-immo.be\\\/de\\\/services\\\/\",\"name\":\"Leistungen - HOB Real Estate\",\"isPartOf\":{\"@id\":\"https:\\\/\\\/hob-immo.be\\\/#website\"},\"primaryImageOfPage\":{\"@id\":\"https:\\\/\\\/hob-immo.be\\\/de\\\/services\\\/#primaryimage\"},\"image\":{\"@id\":\"https:\\\/\\\/hob-immo.be\\\/de\\\/services\\\/#primaryimage\"},\"thumbnailUrl\":\"https:\\\/\\\/hob-immo.be\\\/wp-content\\\/uploads\\\/85-HOB-85-scaled.jpg\",\"datePublished\":\"2020-01-10T14:41:29+00:00\",\"dateModified\":\"2025-12-22T10:47:21+00:00\",\"description\":\"Umfassende Leistungen aus einer Hand \u2013 HOB. Kauf\u2713 Verkauf\u2713 Vermietung\u2713 Immobilienverwaltung\u2713 Home & Office Building steht Kunden mit umfassenden Serviceleistungen zur Seite.\",\"breadcrumb\":{\"@id\":\"https:\\\/\\\/hob-immo.be\\\/de\\\/services\\\/#breadcrumb\"},\"inLanguage\":\"de\",\"potentialAction\":[{\"@type\":\"ReadAction\",\"target\":[\"https:\\\/\\\/hob-immo.be\\\/de\\\/services\\\/\"]}]},{\"@type\":\"ImageObject\",\"inLanguage\":\"de\",\"@id\":\"https:\\\/\\\/hob-immo.be\\\/de\\\/services\\\/#primaryimage\",\"url\":\"https:\\\/\\\/hob-immo.be\\\/wp-content\\\/uploads\\\/85-HOB-85-scaled.jpg\",\"contentUrl\":\"https:\\\/\\\/hob-immo.be\\\/wp-content\\\/uploads\\\/85-HOB-85-scaled.jpg\",\"width\":2560,\"height\":1707},{\"@type\":\"BreadcrumbList\",\"@id\":\"https:\\\/\\\/hob-immo.be\\\/de\\\/services\\\/#breadcrumb\",\"itemListElement\":[{\"@type\":\"ListItem\",\"position\":1,\"name\":\"Accueil\",\"item\":\"https:\\\/\\\/hob-immo.be\\\/de\\\/\"},{\"@type\":\"ListItem\",\"position\":2,\"name\":\"Leistungen\"}]},{\"@type\":\"WebSite\",\"@id\":\"https:\\\/\\\/hob-immo.be\\\/#website\",\"url\":\"https:\\\/\\\/hob-immo.be\\\/\",\"name\":\"HOB Real Estate\",\"description\":\"Immobilien, die zu Ihnen und Ihrem Leben passen\",\"potentialAction\":[{\"@type\":\"SearchAction\",\"target\":{\"@type\":\"EntryPoint\",\"urlTemplate\":\"https:\\\/\\\/hob-immo.be\\\/?s={search_term_string}\"},\"query-input\":{\"@type\":\"PropertyValueSpecification\",\"valueRequired\":true,\"valueName\":\"search_term_string\"}}],\"inLanguage\":\"de\"}]}<\/script>\n<!-- \/ Yoast SEO plugin. -->","yoast_head_json":{"title":"Leistungen - HOB Real Estate - HOB Real Estate","description":"Umfassende Leistungen aus einer Hand \u2013 HOB. Kauf\u2713 Verkauf\u2713 Vermietung\u2713 Immobilienverwaltung\u2713 Home & Office Building steht Kunden mit umfassenden Serviceleistungen zur Seite.","robots":{"index":"index","follow":"follow","max-snippet":"max-snippet:-1","max-image-preview":"max-image-preview:large","max-video-preview":"max-video-preview:-1"},"canonical":"https:\/\/hob-immo.be\/de\/services\/","og_locale":"de_DE","og_type":"article","og_title":"Leistungen - HOB Real Estate","og_description":"Umfassende Leistungen aus einer Hand \u2013 HOB. Kauf\u2713 Verkauf\u2713 Vermietung\u2713 Immobilienverwaltung\u2713 Home & Office Building steht Kunden mit umfassenden Serviceleistungen zur Seite.","og_url":"https:\/\/hob-immo.be\/de\/services\/","og_site_name":"HOB Real Estate","article_modified_time":"2025-12-22T10:47:21+00:00","og_image":[{"width":2560,"height":1707,"url":"https:\/\/hob-immo.be\/wp-content\/uploads\/85-HOB-85-scaled.jpg","type":"image\/jpeg"}],"twitter_card":"summary_large_image","twitter_misc":{"Gesch\u00e4tzte Lesezeit":"3\u00a0Minute"},"schema":{"@context":"https:\/\/schema.org","@graph":[{"@type":"WebPage","@id":"https:\/\/hob-immo.be\/de\/services\/","url":"https:\/\/hob-immo.be\/de\/services\/","name":"Leistungen - HOB Real Estate","isPartOf":{"@id":"https:\/\/hob-immo.be\/#website"},"primaryImageOfPage":{"@id":"https:\/\/hob-immo.be\/de\/services\/#primaryimage"},"image":{"@id":"https:\/\/hob-immo.be\/de\/services\/#primaryimage"},"thumbnailUrl":"https:\/\/hob-immo.be\/wp-content\/uploads\/85-HOB-85-scaled.jpg","datePublished":"2020-01-10T14:41:29+00:00","dateModified":"2025-12-22T10:47:21+00:00","description":"Umfassende Leistungen aus einer Hand \u2013 HOB. Kauf\u2713 Verkauf\u2713 Vermietung\u2713 Immobilienverwaltung\u2713 Home & Office Building steht Kunden mit umfassenden Serviceleistungen zur Seite.","breadcrumb":{"@id":"https:\/\/hob-immo.be\/de\/services\/#breadcrumb"},"inLanguage":"de","potentialAction":[{"@type":"ReadAction","target":["https:\/\/hob-immo.be\/de\/services\/"]}]},{"@type":"ImageObject","inLanguage":"de","@id":"https:\/\/hob-immo.be\/de\/services\/#primaryimage","url":"https:\/\/hob-immo.be\/wp-content\/uploads\/85-HOB-85-scaled.jpg","contentUrl":"https:\/\/hob-immo.be\/wp-content\/uploads\/85-HOB-85-scaled.jpg","width":2560,"height":1707},{"@type":"BreadcrumbList","@id":"https:\/\/hob-immo.be\/de\/services\/#breadcrumb","itemListElement":[{"@type":"ListItem","position":1,"name":"Accueil","item":"https:\/\/hob-immo.be\/de\/"},{"@type":"ListItem","position":2,"name":"Leistungen"}]},{"@type":"WebSite","@id":"https:\/\/hob-immo.be\/#website","url":"https:\/\/hob-immo.be\/","name":"HOB Real Estate","description":"Immobilien, die zu Ihnen und Ihrem Leben passen","potentialAction":[{"@type":"SearchAction","target":{"@type":"EntryPoint","urlTemplate":"https:\/\/hob-immo.be\/?s={search_term_string}"},"query-input":{"@type":"PropertyValueSpecification","valueRequired":true,"valueName":"search_term_string"}}],"inLanguage":"de"}]}},"_links":{"self":[{"href":"https:\/\/hob-immo.be\/de\/wp-json\/wp\/v2\/pages\/1035","targetHints":{"allow":["GET"]}}],"collection":[{"href":"https:\/\/hob-immo.be\/de\/wp-json\/wp\/v2\/pages"}],"about":[{"href":"https:\/\/hob-immo.be\/de\/wp-json\/wp\/v2\/types\/page"}],"author":[{"embeddable":true,"href":"https:\/\/hob-immo.be\/de\/wp-json\/wp\/v2\/users\/1"}],"replies":[{"embeddable":true,"href":"https:\/\/hob-immo.be\/de\/wp-json\/wp\/v2\/comments?post=1035"}],"version-history":[{"count":3,"href":"https:\/\/hob-immo.be\/de\/wp-json\/wp\/v2\/pages\/1035\/revisions"}],"predecessor-version":[{"id":8441,"href":"https:\/\/hob-immo.be\/de\/wp-json\/wp\/v2\/pages\/1035\/revisions\/8441"}],"wp:featuredmedia":[{"embeddable":true,"href":"https:\/\/hob-immo.be\/de\/wp-json\/wp\/v2\/media\/8435"}],"wp:attachment":[{"href":"https:\/\/hob-immo.be\/de\/wp-json\/wp\/v2\/media?parent=1035"}],"curies":[{"name":"wp","href":"https:\/\/api.w.org\/{rel}","templated":true}]}}