{"id":1036,"date":"2020-01-10T14:40:16","date_gmt":"2020-01-10T14:40:16","guid":{"rendered":"https:\/\/hob-immo.be\/a-propos\/"},"modified":"2025-12-22T14:45:54","modified_gmt":"2025-12-22T12:45:54","slug":"ueber-home-and-office-building-belgien","status":"publish","type":"page","link":"https:\/\/hob-immo.be\/de\/ueber-home-and-office-building-belgien\/","title":{"rendered":"Menschen &amp; Immobilien im Mittelpunkt"},"content":{"rendered":"\n<figure class=\"wp-block-image size-large\"><img loading=\"lazy\" decoding=\"async\" width=\"1024\" height=\"683\" src=\"https:\/\/hob-immo.be\/wp-content\/uploads\/TL0412-HOB-Buros-St.-Vith-009-1-1024x683.jpg\" alt=\"\" class=\"wp-image-5528\" srcset=\"https:\/\/hob-immo.be\/wp-content\/uploads\/TL0412-HOB-Buros-St.-Vith-009-1-1024x683.jpg 1024w, https:\/\/hob-immo.be\/wp-content\/uploads\/TL0412-HOB-Buros-St.-Vith-009-1-600x400.jpg 600w, https:\/\/hob-immo.be\/wp-content\/uploads\/TL0412-HOB-Buros-St.-Vith-009-1-768x512.jpg 768w, https:\/\/hob-immo.be\/wp-content\/uploads\/TL0412-HOB-Buros-St.-Vith-009-1-1536x1024.jpg 1536w, https:\/\/hob-immo.be\/wp-content\/uploads\/TL0412-HOB-Buros-St.-Vith-009-1.jpg 1920w\" sizes=\"auto, (max-width: 1024px) 100vw, 1024px\" \/><\/figure>\n\n\n\n<h2 class=\"wp-block-heading\">Ihr Partner rund ums Wohnen in Ostbelgien<\/h2>\n\n\n\n<p>Seit \u00fcber <strong>10 Jahren sind wir ein fester Ansprechpartner in Luxemburg<\/strong>. Vor einigen Jahren haben wir uns bewusst entschieden, auch in <strong>Ostbelgien aktiv auf dem Markt zu arbeiten<\/strong>, um unsere Expertise grenz\u00fcberschreitend einzubringen. Da unsere Makler aus dieser wundersch\u00f6nen Region stammen und hier in Ostbelgien leben, kennen sie <strong>die Besonderheiten und den lokalen Markt<\/strong> wie ihre Westentasche.<\/p>\n\n\n\n<p>So unterschiedlich wie die Menschen, so unterschiedlich sind auch die Anspr\u00fcche an das eigene Zuhause. HOB Real Estate sorgt daf\u00fcr, dass die Wahl der passenden Immobilie <strong>nicht dem Zufall \u00fcberlassen<\/strong> wird. Ob Kauf, Verkauf, Vermietung oder Neubauprojekte \u2013 wir begleiten Sie <strong>pers\u00f6nlich, kompetent und grenz\u00fcberschreitend<\/strong>.<\/p>\n\n\n\n<p>Alle unsere Makler sind <strong>IPI-zertifiziert und mehrsprachig<\/strong>, sodass Sie jederzeit in Ihrer bevorzugten Sprache professionell beraten werden. Durch <strong>regelm\u00e4\u00dfige Weiterbildungen<\/strong> halten wir unser Wissen auf dem neuesten Stand, um Sie bestm\u00f6glich zu unterst\u00fctzen.<\/p>\n\n\n\n<p>Unsere Agentur ist <strong>flexibel<\/strong>: Gerne \u00f6ffnen wir auch au\u00dferhalb der regul\u00e4ren \u00d6ffnungszeiten, um uns nach Ihrem Zeitplan zu richten. So k\u00f6nnen wir jederzeit individuell auf Ihre Bed\u00fcrfnisse eingehen.<\/p>\n\n\n\n<h2 class=\"wp-block-heading\">Ihr Schl\u00fcssel zur besten Adresse<\/h2>\n\n\n\n<p>Ob Sie ein Bestandsobjekt oder eine Neubauimmobilie verkaufen oder vermieten m\u00f6chten \u2013 Ihre Immobilie liegt uns am Herzen. Mit Erfahrung, regionalem Netzwerk und umfassendem Know-how stehen wir Ihnen bei der <strong>Vermarktung und Wertsch\u00e4tzung Ihrer Immobilien<\/strong> zuverl\u00e4ssig zur Seite.<\/p>\n\n\n\n<h3 class=\"wp-block-heading\"><\/h3>\n\n\n\n<p><\/p>\n","protected":false},"excerpt":{"rendered":"<p>Ihr Partner rund ums Wohnen in Ostbelgien Seit \u00fcber 10 [&hellip;]<\/p>\n","protected":false},"author":1,"featured_media":5507,"parent":0,"menu_order":23,"comment_status":"closed","ping_status":"closed","template":"","meta":{"_acf_changed":false,"footnotes":""},"class_list":["post-1036","page","type-page","status-publish","has-post-thumbnail","hentry"],"acf":[],"yoast_head":"<!-- This site is optimized with the Yoast SEO plugin v27.3 - https:\/\/yoast.com\/product\/yoast-seo-wordpress\/ -->\n<title>HOB \u2013 Immobilien sind unsere Leidenschaft - HOB Real Estate<\/title>\n<meta name=\"description\" content=\"HOB \u2013 Immobilien sind unsere Leidenschaft Vermietung\u2713 Verkauf\u2713 Starker Service\u2713 Home &amp; Office Building steht Kunden mit umfassenden Leistungen rund um die Immobilie zur Seite\" \/>\n<meta name=\"robots\" content=\"index, follow, max-snippet:-1, max-image-preview:large, max-video-preview:-1\" \/>\n<link rel=\"canonical\" href=\"https:\/\/hob-immo.be\/de\/ueber-home-and-office-building-belgien\/\" \/>\n<meta property=\"og:locale\" content=\"de_DE\" \/>\n<meta property=\"og:type\" content=\"article\" \/>\n<meta property=\"og:title\" content=\"HOB \u2013 Immobilien sind unsere Leidenschaft\" \/>\n<meta property=\"og:description\" content=\"HOB \u2013 Immobilien sind unsere Leidenschaft Vermietung\u2713 Verkauf\u2713 Starker Service\u2713 Home &amp; Office Building steht Kunden mit umfassenden Leistungen rund um die Immobilie zur Seite\" \/>\n<meta property=\"og:url\" content=\"https:\/\/hob-immo.be\/de\/ueber-home-and-office-building-belgien\/\" \/>\n<meta property=\"og:site_name\" content=\"HOB Real Estate\" \/>\n<meta property=\"article:modified_time\" content=\"2025-12-22T12:45:54+00:00\" \/>\n<meta property=\"og:image\" content=\"https:\/\/hob-immo.be\/wp-content\/uploads\/TL0412-HOB-Buros-St.-Vith-002-1.jpg\" \/>\n\t<meta property=\"og:image:width\" content=\"1920\" \/>\n\t<meta property=\"og:image:height\" content=\"1280\" \/>\n\t<meta property=\"og:image:type\" content=\"image\/jpeg\" \/>\n<meta name=\"twitter:card\" content=\"summary_large_image\" \/>\n<meta name=\"twitter:label1\" content=\"Gesch\u00e4tzte Lesezeit\" \/>\n\t<meta name=\"twitter:data1\" content=\"2\u00a0Minute\" \/>\n<script type=\"application\/ld+json\" class=\"yoast-schema-graph\">{\"@context\":\"https:\\\/\\\/schema.org\",\"@graph\":[{\"@type\":\"WebPage\",\"@id\":\"https:\\\/\\\/hob-immo.be\\\/de\\\/ueber-home-and-office-building-belgien\\\/\",\"url\":\"https:\\\/\\\/hob-immo.be\\\/de\\\/ueber-home-and-office-building-belgien\\\/\",\"name\":\"HOB \u2013 Immobilien sind unsere Leidenschaft\",\"isPartOf\":{\"@id\":\"https:\\\/\\\/hob-immo.be\\\/#website\"},\"primaryImageOfPage\":{\"@id\":\"https:\\\/\\\/hob-immo.be\\\/de\\\/ueber-home-and-office-building-belgien\\\/#primaryimage\"},\"image\":{\"@id\":\"https:\\\/\\\/hob-immo.be\\\/de\\\/ueber-home-and-office-building-belgien\\\/#primaryimage\"},\"thumbnailUrl\":\"https:\\\/\\\/hob-immo.be\\\/wp-content\\\/uploads\\\/TL0412-HOB-Buros-St.-Vith-002-1.jpg\",\"datePublished\":\"2020-01-10T14:40:16+00:00\",\"dateModified\":\"2025-12-22T12:45:54+00:00\",\"description\":\"HOB \u2013 Immobilien sind unsere Leidenschaft Vermietung\u2713 Verkauf\u2713 Starker Service\u2713 Home & Office Building steht Kunden mit umfassenden Leistungen rund um die Immobilie zur Seite\",\"breadcrumb\":{\"@id\":\"https:\\\/\\\/hob-immo.be\\\/de\\\/ueber-home-and-office-building-belgien\\\/#breadcrumb\"},\"inLanguage\":\"de\",\"potentialAction\":[{\"@type\":\"ReadAction\",\"target\":[\"https:\\\/\\\/hob-immo.be\\\/de\\\/ueber-home-and-office-building-belgien\\\/\"]}]},{\"@type\":\"ImageObject\",\"inLanguage\":\"de\",\"@id\":\"https:\\\/\\\/hob-immo.be\\\/de\\\/ueber-home-and-office-building-belgien\\\/#primaryimage\",\"url\":\"https:\\\/\\\/hob-immo.be\\\/wp-content\\\/uploads\\\/TL0412-HOB-Buros-St.-Vith-002-1.jpg\",\"contentUrl\":\"https:\\\/\\\/hob-immo.be\\\/wp-content\\\/uploads\\\/TL0412-HOB-Buros-St.-Vith-002-1.jpg\",\"width\":1920,\"height\":1280,\"caption\":\"HOB Sankt Vith Agentur\"},{\"@type\":\"BreadcrumbList\",\"@id\":\"https:\\\/\\\/hob-immo.be\\\/de\\\/ueber-home-and-office-building-belgien\\\/#breadcrumb\",\"itemListElement\":[{\"@type\":\"ListItem\",\"position\":1,\"name\":\"Accueil\",\"item\":\"https:\\\/\\\/hob-immo.be\\\/de\\\/\"},{\"@type\":\"ListItem\",\"position\":2,\"name\":\"Menschen &amp; Immobilien im Mittelpunkt\"}]},{\"@type\":\"WebSite\",\"@id\":\"https:\\\/\\\/hob-immo.be\\\/#website\",\"url\":\"https:\\\/\\\/hob-immo.be\\\/\",\"name\":\"HOB Real Estate\",\"description\":\"Immobilien, die zu Ihnen und Ihrem Leben passen\",\"potentialAction\":[{\"@type\":\"SearchAction\",\"target\":{\"@type\":\"EntryPoint\",\"urlTemplate\":\"https:\\\/\\\/hob-immo.be\\\/?s={search_term_string}\"},\"query-input\":{\"@type\":\"PropertyValueSpecification\",\"valueRequired\":true,\"valueName\":\"search_term_string\"}}],\"inLanguage\":\"de\"}]}<\/script>\n<!-- \/ Yoast SEO plugin. -->","yoast_head_json":{"title":"HOB \u2013 Immobilien sind unsere Leidenschaft - HOB Real Estate","description":"HOB \u2013 Immobilien sind unsere Leidenschaft Vermietung\u2713 Verkauf\u2713 Starker Service\u2713 Home & Office Building steht Kunden mit umfassenden Leistungen rund um die Immobilie zur Seite","robots":{"index":"index","follow":"follow","max-snippet":"max-snippet:-1","max-image-preview":"max-image-preview:large","max-video-preview":"max-video-preview:-1"},"canonical":"https:\/\/hob-immo.be\/de\/ueber-home-and-office-building-belgien\/","og_locale":"de_DE","og_type":"article","og_title":"HOB \u2013 Immobilien sind unsere Leidenschaft","og_description":"HOB \u2013 Immobilien sind unsere Leidenschaft Vermietung\u2713 Verkauf\u2713 Starker Service\u2713 Home & Office Building steht Kunden mit umfassenden Leistungen rund um die Immobilie zur Seite","og_url":"https:\/\/hob-immo.be\/de\/ueber-home-and-office-building-belgien\/","og_site_name":"HOB Real Estate","article_modified_time":"2025-12-22T12:45:54+00:00","og_image":[{"width":1920,"height":1280,"url":"https:\/\/hob-immo.be\/wp-content\/uploads\/TL0412-HOB-Buros-St.-Vith-002-1.jpg","type":"image\/jpeg"}],"twitter_card":"summary_large_image","twitter_misc":{"Gesch\u00e4tzte Lesezeit":"2\u00a0Minute"},"schema":{"@context":"https:\/\/schema.org","@graph":[{"@type":"WebPage","@id":"https:\/\/hob-immo.be\/de\/ueber-home-and-office-building-belgien\/","url":"https:\/\/hob-immo.be\/de\/ueber-home-and-office-building-belgien\/","name":"HOB \u2013 Immobilien sind unsere Leidenschaft","isPartOf":{"@id":"https:\/\/hob-immo.be\/#website"},"primaryImageOfPage":{"@id":"https:\/\/hob-immo.be\/de\/ueber-home-and-office-building-belgien\/#primaryimage"},"image":{"@id":"https:\/\/hob-immo.be\/de\/ueber-home-and-office-building-belgien\/#primaryimage"},"thumbnailUrl":"https:\/\/hob-immo.be\/wp-content\/uploads\/TL0412-HOB-Buros-St.-Vith-002-1.jpg","datePublished":"2020-01-10T14:40:16+00:00","dateModified":"2025-12-22T12:45:54+00:00","description":"HOB \u2013 Immobilien sind unsere Leidenschaft Vermietung\u2713 Verkauf\u2713 Starker Service\u2713 Home & Office Building steht Kunden mit umfassenden Leistungen rund um die Immobilie zur Seite","breadcrumb":{"@id":"https:\/\/hob-immo.be\/de\/ueber-home-and-office-building-belgien\/#breadcrumb"},"inLanguage":"de","potentialAction":[{"@type":"ReadAction","target":["https:\/\/hob-immo.be\/de\/ueber-home-and-office-building-belgien\/"]}]},{"@type":"ImageObject","inLanguage":"de","@id":"https:\/\/hob-immo.be\/de\/ueber-home-and-office-building-belgien\/#primaryimage","url":"https:\/\/hob-immo.be\/wp-content\/uploads\/TL0412-HOB-Buros-St.-Vith-002-1.jpg","contentUrl":"https:\/\/hob-immo.be\/wp-content\/uploads\/TL0412-HOB-Buros-St.-Vith-002-1.jpg","width":1920,"height":1280,"caption":"HOB Sankt Vith Agentur"},{"@type":"BreadcrumbList","@id":"https:\/\/hob-immo.be\/de\/ueber-home-and-office-building-belgien\/#breadcrumb","itemListElement":[{"@type":"ListItem","position":1,"name":"Accueil","item":"https:\/\/hob-immo.be\/de\/"},{"@type":"ListItem","position":2,"name":"Menschen &amp; Immobilien im Mittelpunkt"}]},{"@type":"WebSite","@id":"https:\/\/hob-immo.be\/#website","url":"https:\/\/hob-immo.be\/","name":"HOB Real Estate","description":"Immobilien, die zu Ihnen und Ihrem Leben passen","potentialAction":[{"@type":"SearchAction","target":{"@type":"EntryPoint","urlTemplate":"https:\/\/hob-immo.be\/?s={search_term_string}"},"query-input":{"@type":"PropertyValueSpecification","valueRequired":true,"valueName":"search_term_string"}}],"inLanguage":"de"}]}},"_links":{"self":[{"href":"https:\/\/hob-immo.be\/de\/wp-json\/wp\/v2\/pages\/1036","targetHints":{"allow":["GET"]}}],"collection":[{"href":"https:\/\/hob-immo.be\/de\/wp-json\/wp\/v2\/pages"}],"about":[{"href":"https:\/\/hob-immo.be\/de\/wp-json\/wp\/v2\/types\/page"}],"author":[{"embeddable":true,"href":"https:\/\/hob-immo.be\/de\/wp-json\/wp\/v2\/users\/1"}],"replies":[{"embeddable":true,"href":"https:\/\/hob-immo.be\/de\/wp-json\/wp\/v2\/comments?post=1036"}],"version-history":[{"count":3,"href":"https:\/\/hob-immo.be\/de\/wp-json\/wp\/v2\/pages\/1036\/revisions"}],"predecessor-version":[{"id":8448,"href":"https:\/\/hob-immo.be\/de\/wp-json\/wp\/v2\/pages\/1036\/revisions\/8448"}],"wp:featuredmedia":[{"embeddable":true,"href":"https:\/\/hob-immo.be\/de\/wp-json\/wp\/v2\/media\/5507"}],"wp:attachment":[{"href":"https:\/\/hob-immo.be\/de\/wp-json\/wp\/v2\/media?parent=1036"}],"curies":[{"name":"wp","href":"https:\/\/api.w.org\/{rel}","templated":true}]}}