{"id":1040,"date":"2020-01-06T14:31:32","date_gmt":"2020-01-06T14:31:32","guid":{"rendered":"https:\/\/hob-immo.be\/accueil\/"},"modified":"2025-12-22T11:53:22","modified_gmt":"2025-12-22T09:53:22","slug":"immobilien-aus-leidenschaft","status":"publish","type":"page","link":"https:\/\/hob-immo.be\/de\/","title":{"rendered":"Starker Partner f\u00fcr ihre Immobilie"},"content":{"rendered":"\n<p>HOB REAL ESTATE steht f\u00fcr fundiertes Know-how, regionale Marktkenntnis und pers\u00f6nliche Begleitung in Ostbelgien. Ob Investor, K\u00e4ufer, Verk\u00e4ufer, Mieter oder Vermieter \u2013 wir stehen Ihnen pers\u00f6nlich und zuverl\u00e4ssig zur Seite.<\/p>\n\n\n\n<p>Im Herzen von <strong>Sankt Vith<\/strong> begleiten wir Sie mit Kompetenz, Transparenz und Leidenschaft rund um Immobilien. Von fundierten Immobilienbewertungen bis zur erfolgreichen Vermittlung sorgen wir daf\u00fcr, dass Ihre Immobilie die Aufmerksamkeit erh\u00e4lt, die sie verdient. Und wenn Sie auf der Suche nach Ihrem Traumobjekt sind, finden wir gemeinsam den passenden Ort f\u00fcr Ihr neues Zuhause.<\/p>\n\n\n\n<p><strong>Wir freuen uns auf Sie!<\/strong><\/p>\n\n\n\n<p><\/p>\n","protected":false},"excerpt":{"rendered":"<p>HOB REAL ESTATE steht f\u00fcr fundiertes Know-how, regionale Marktkenntnis und [&hellip;]<\/p>\n","protected":false},"author":2,"featured_media":8296,"parent":0,"menu_order":38,"comment_status":"closed","ping_status":"closed","template":"","meta":{"_acf_changed":false,"footnotes":""},"class_list":["post-1040","page","type-page","status-publish","has-post-thumbnail","hentry"],"acf":[],"yoast_head":"<!-- This site is optimized with the Yoast SEO plugin v27.3 - https:\/\/yoast.com\/product\/yoast-seo-wordpress\/ -->\n<title>HOB \u2013 Immoservice aus Leidenschaft - HOB Real Estate<\/title>\n<meta name=\"description\" content=\"Home &amp; Office Building Belgium \u2013 Immoservice aus Leidenschaft Vermietung\u2713 Verkauf\u2713 Starker Service\u2713 Ein gro\u00dfes Angebot an Immobilien in Ostbelgien finden Sie bei Home &amp; Office Building.\" \/>\n<meta name=\"robots\" content=\"index, follow, max-snippet:-1, max-image-preview:large, max-video-preview:-1\" \/>\n<link rel=\"canonical\" href=\"https:\/\/hob-immo.be\/de\/\" \/>\n<meta property=\"og:locale\" content=\"de_DE\" \/>\n<meta property=\"og:type\" content=\"article\" \/>\n<meta property=\"og:title\" content=\"HOB \u2013 Immoservice aus Leidenschaft\" \/>\n<meta property=\"og:description\" content=\"Home &amp; Office Building Belgium \u2013 Immoservice aus Leidenschaft Vermietung\u2713 Verkauf\u2713 Starker Service\u2713 Ein gro\u00dfes Angebot an Immobilien in Ostbelgien finden Sie bei Home &amp; Office Building.\" \/>\n<meta property=\"og:url\" content=\"https:\/\/hob-immo.be\/de\/\" \/>\n<meta property=\"og:site_name\" content=\"HOB Real Estate\" \/>\n<meta property=\"article:modified_time\" content=\"2025-12-22T09:53:22+00:00\" \/>\n<meta property=\"og:image\" content=\"https:\/\/hob-immo.be\/wp-content\/uploads\/TITELSEITE-BILD-fest.png\" \/>\n\t<meta property=\"og:image:width\" content=\"940\" \/>\n\t<meta property=\"og:image:height\" content=\"788\" \/>\n\t<meta property=\"og:image:type\" content=\"image\/png\" \/>\n<meta name=\"twitter:card\" content=\"summary_large_image\" \/>\n<meta name=\"twitter:label1\" content=\"Gesch\u00e4tzte Lesezeit\" \/>\n\t<meta name=\"twitter:data1\" content=\"1\u00a0Minute\" \/>\n<script type=\"application\/ld+json\" class=\"yoast-schema-graph\">{\"@context\":\"https:\\\/\\\/schema.org\",\"@graph\":[{\"@type\":\"WebPage\",\"@id\":\"https:\\\/\\\/hob-immo.be\\\/de\\\/\",\"url\":\"https:\\\/\\\/hob-immo.be\\\/de\\\/\",\"name\":\"HOB \u2013 Immoservice aus Leidenschaft\",\"isPartOf\":{\"@id\":\"https:\\\/\\\/hob-immo.be\\\/#website\"},\"primaryImageOfPage\":{\"@id\":\"https:\\\/\\\/hob-immo.be\\\/de\\\/#primaryimage\"},\"image\":{\"@id\":\"https:\\\/\\\/hob-immo.be\\\/de\\\/#primaryimage\"},\"thumbnailUrl\":\"https:\\\/\\\/hob-immo.be\\\/wp-content\\\/uploads\\\/TITELSEITE-BILD-fest.png\",\"datePublished\":\"2020-01-06T14:31:32+00:00\",\"dateModified\":\"2025-12-22T09:53:22+00:00\",\"description\":\"Home & Office Building Belgium \u2013 Immoservice aus Leidenschaft Vermietung\u2713 Verkauf\u2713 Starker Service\u2713 Ein gro\u00dfes Angebot an Immobilien in Ostbelgien finden Sie bei Home & Office Building.\",\"breadcrumb\":{\"@id\":\"https:\\\/\\\/hob-immo.be\\\/de\\\/#breadcrumb\"},\"inLanguage\":\"de\",\"potentialAction\":[{\"@type\":\"ReadAction\",\"target\":[\"https:\\\/\\\/hob-immo.be\\\/de\\\/\"]}]},{\"@type\":\"ImageObject\",\"inLanguage\":\"de\",\"@id\":\"https:\\\/\\\/hob-immo.be\\\/de\\\/#primaryimage\",\"url\":\"https:\\\/\\\/hob-immo.be\\\/wp-content\\\/uploads\\\/TITELSEITE-BILD-fest.png\",\"contentUrl\":\"https:\\\/\\\/hob-immo.be\\\/wp-content\\\/uploads\\\/TITELSEITE-BILD-fest.png\",\"width\":940,\"height\":788},{\"@type\":\"BreadcrumbList\",\"@id\":\"https:\\\/\\\/hob-immo.be\\\/de\\\/#breadcrumb\",\"itemListElement\":[{\"@type\":\"ListItem\",\"position\":1,\"name\":\"Accueil\",\"item\":\"https:\\\/\\\/hob-immo.be\\\/de\\\/\"},{\"@type\":\"ListItem\",\"position\":2,\"name\":\"Starker Partner f\u00fcr ihre Immobilie\"}]},{\"@type\":\"WebSite\",\"@id\":\"https:\\\/\\\/hob-immo.be\\\/#website\",\"url\":\"https:\\\/\\\/hob-immo.be\\\/\",\"name\":\"HOB Real Estate\",\"description\":\"Immobilien, die zu Ihnen und Ihrem Leben passen\",\"potentialAction\":[{\"@type\":\"SearchAction\",\"target\":{\"@type\":\"EntryPoint\",\"urlTemplate\":\"https:\\\/\\\/hob-immo.be\\\/?s={search_term_string}\"},\"query-input\":{\"@type\":\"PropertyValueSpecification\",\"valueRequired\":true,\"valueName\":\"search_term_string\"}}],\"inLanguage\":\"de\"}]}<\/script>\n<!-- \/ Yoast SEO plugin. -->","yoast_head_json":{"title":"HOB \u2013 Immoservice aus Leidenschaft - HOB Real Estate","description":"Home & Office Building Belgium \u2013 Immoservice aus Leidenschaft Vermietung\u2713 Verkauf\u2713 Starker Service\u2713 Ein gro\u00dfes Angebot an Immobilien in Ostbelgien finden Sie bei Home & Office Building.","robots":{"index":"index","follow":"follow","max-snippet":"max-snippet:-1","max-image-preview":"max-image-preview:large","max-video-preview":"max-video-preview:-1"},"canonical":"https:\/\/hob-immo.be\/de\/","og_locale":"de_DE","og_type":"article","og_title":"HOB \u2013 Immoservice aus Leidenschaft","og_description":"Home & Office Building Belgium \u2013 Immoservice aus Leidenschaft Vermietung\u2713 Verkauf\u2713 Starker Service\u2713 Ein gro\u00dfes Angebot an Immobilien in Ostbelgien finden Sie bei Home & Office Building.","og_url":"https:\/\/hob-immo.be\/de\/","og_site_name":"HOB Real Estate","article_modified_time":"2025-12-22T09:53:22+00:00","og_image":[{"width":940,"height":788,"url":"https:\/\/hob-immo.be\/wp-content\/uploads\/TITELSEITE-BILD-fest.png","type":"image\/png"}],"twitter_card":"summary_large_image","twitter_misc":{"Gesch\u00e4tzte Lesezeit":"1\u00a0Minute"},"schema":{"@context":"https:\/\/schema.org","@graph":[{"@type":"WebPage","@id":"https:\/\/hob-immo.be\/de\/","url":"https:\/\/hob-immo.be\/de\/","name":"HOB \u2013 Immoservice aus Leidenschaft","isPartOf":{"@id":"https:\/\/hob-immo.be\/#website"},"primaryImageOfPage":{"@id":"https:\/\/hob-immo.be\/de\/#primaryimage"},"image":{"@id":"https:\/\/hob-immo.be\/de\/#primaryimage"},"thumbnailUrl":"https:\/\/hob-immo.be\/wp-content\/uploads\/TITELSEITE-BILD-fest.png","datePublished":"2020-01-06T14:31:32+00:00","dateModified":"2025-12-22T09:53:22+00:00","description":"Home & Office Building Belgium \u2013 Immoservice aus Leidenschaft Vermietung\u2713 Verkauf\u2713 Starker Service\u2713 Ein gro\u00dfes Angebot an Immobilien in Ostbelgien finden Sie bei Home & Office Building.","breadcrumb":{"@id":"https:\/\/hob-immo.be\/de\/#breadcrumb"},"inLanguage":"de","potentialAction":[{"@type":"ReadAction","target":["https:\/\/hob-immo.be\/de\/"]}]},{"@type":"ImageObject","inLanguage":"de","@id":"https:\/\/hob-immo.be\/de\/#primaryimage","url":"https:\/\/hob-immo.be\/wp-content\/uploads\/TITELSEITE-BILD-fest.png","contentUrl":"https:\/\/hob-immo.be\/wp-content\/uploads\/TITELSEITE-BILD-fest.png","width":940,"height":788},{"@type":"BreadcrumbList","@id":"https:\/\/hob-immo.be\/de\/#breadcrumb","itemListElement":[{"@type":"ListItem","position":1,"name":"Accueil","item":"https:\/\/hob-immo.be\/de\/"},{"@type":"ListItem","position":2,"name":"Starker Partner f\u00fcr ihre Immobilie"}]},{"@type":"WebSite","@id":"https:\/\/hob-immo.be\/#website","url":"https:\/\/hob-immo.be\/","name":"HOB Real Estate","description":"Immobilien, die zu Ihnen und Ihrem Leben passen","potentialAction":[{"@type":"SearchAction","target":{"@type":"EntryPoint","urlTemplate":"https:\/\/hob-immo.be\/?s={search_term_string}"},"query-input":{"@type":"PropertyValueSpecification","valueRequired":true,"valueName":"search_term_string"}}],"inLanguage":"de"}]}},"_links":{"self":[{"href":"https:\/\/hob-immo.be\/de\/wp-json\/wp\/v2\/pages\/1040","targetHints":{"allow":["GET"]}}],"collection":[{"href":"https:\/\/hob-immo.be\/de\/wp-json\/wp\/v2\/pages"}],"about":[{"href":"https:\/\/hob-immo.be\/de\/wp-json\/wp\/v2\/types\/page"}],"author":[{"embeddable":true,"href":"https:\/\/hob-immo.be\/de\/wp-json\/wp\/v2\/users\/2"}],"replies":[{"embeddable":true,"href":"https:\/\/hob-immo.be\/de\/wp-json\/wp\/v2\/comments?post=1040"}],"version-history":[{"count":6,"href":"https:\/\/hob-immo.be\/de\/wp-json\/wp\/v2\/pages\/1040\/revisions"}],"predecessor-version":[{"id":8429,"href":"https:\/\/hob-immo.be\/de\/wp-json\/wp\/v2\/pages\/1040\/revisions\/8429"}],"wp:featuredmedia":[{"embeddable":true,"href":"https:\/\/hob-immo.be\/de\/wp-json\/wp\/v2\/media\/8296"}],"wp:attachment":[{"href":"https:\/\/hob-immo.be\/de\/wp-json\/wp\/v2\/media?parent=1040"}],"curies":[{"name":"wp","href":"https:\/\/api.w.org\/{rel}","templated":true}]}}