{"id":1105,"date":"2020-02-14T14:31:25","date_gmt":"2020-02-14T13:31:25","guid":{"rendered":"https:\/\/hob-immo.be\/trouver-un-bien\/"},"modified":"2025-12-22T15:26:48","modified_gmt":"2025-12-22T13:26:48","slug":"trouver-un-bien","status":"publish","type":"page","link":"https:\/\/hob-immo.be\/de\/trouver-un-bien\/","title":{"rendered":"\u00dcberlassen Sie uns die Suche nach Ihrer Traum-Immobilie."},"content":{"rendered":"\n<p>Sie m\u00f6chten ein Haus in der Eifel kaufen oder interessieren sich f\u00fcr Mietangebote in Ostbelgien? Dann sind wir gerne f\u00fcr Sie da und unterst\u00fctzen Sie bei der Suche nach Ihrer ganz pers\u00f6nlichen Traum-Immobilie. Definieren Sie Ihre W\u00fcnsche und teilen Sie uns diese ganz einfach mit \u2013 anhand Ihrer Kriterien finden wir die Immobilie, die zu Ihnen und Ihrem Leben passt.<\/p>\n","protected":false},"excerpt":{"rendered":"<p>Sie m\u00f6chten ein Haus in der Eifel kaufen oder interessieren [&hellip;]<\/p>\n","protected":false},"author":1,"featured_media":0,"parent":0,"menu_order":2,"comment_status":"closed","ping_status":"closed","template":"page-findform.php","meta":{"_acf_changed":false,"footnotes":""},"class_list":["post-1105","page","type-page","status-publish","hentry"],"acf":[],"yoast_head":"<!-- This site is optimized with the Yoast SEO plugin v27.3 - https:\/\/yoast.com\/product\/yoast-seo-wordpress\/ -->\n<title>\u00dcberlassen Sie uns die Suche nach Ihrer Traum-Immobilie. - HOB Real Estate - HOB Real Estate<\/title>\n<meta name=\"description\" content=\"Immobilien, die Ihre Kriterien erf\u00fcllen \u2013 HOB Unkomplizierte Abwicklung\u2713 Schnelle R\u00fcckmeldung\u2713 H\u00e4user, Wohnungen und mehr\u2713 Finden Sie mit HOB Immobilien, die Ihre pers\u00f6nlichen Kriterien erf\u00fcllen.\" \/>\n<meta name=\"robots\" content=\"index, follow, max-snippet:-1, max-image-preview:large, max-video-preview:-1\" \/>\n<link rel=\"canonical\" href=\"https:\/\/hob-immo.be\/de\/trouver-un-bien\/\" \/>\n<meta property=\"og:locale\" content=\"de_DE\" \/>\n<meta property=\"og:type\" content=\"article\" \/>\n<meta property=\"og:title\" content=\"\u00dcberlassen Sie uns die Suche nach Ihrer Traum-Immobilie. - HOB Real Estate\" \/>\n<meta property=\"og:description\" content=\"Immobilien, die Ihre Kriterien erf\u00fcllen \u2013 HOB Unkomplizierte Abwicklung\u2713 Schnelle R\u00fcckmeldung\u2713 H\u00e4user, Wohnungen und mehr\u2713 Finden Sie mit HOB Immobilien, die Ihre pers\u00f6nlichen Kriterien erf\u00fcllen.\" \/>\n<meta property=\"og:url\" content=\"https:\/\/hob-immo.be\/de\/trouver-un-bien\/\" \/>\n<meta property=\"og:site_name\" content=\"HOB Real Estate\" \/>\n<meta property=\"article:modified_time\" content=\"2025-12-22T13:26:48+00:00\" \/>\n<meta name=\"twitter:card\" content=\"summary_large_image\" \/>\n<meta name=\"twitter:label1\" content=\"Gesch\u00e4tzte Lesezeit\" \/>\n\t<meta name=\"twitter:data1\" content=\"1\u00a0Minute\" \/>\n<script type=\"application\/ld+json\" class=\"yoast-schema-graph\">{\"@context\":\"https:\\\/\\\/schema.org\",\"@graph\":[{\"@type\":\"WebPage\",\"@id\":\"https:\\\/\\\/hob-immo.be\\\/de\\\/trouver-un-bien\\\/\",\"url\":\"https:\\\/\\\/hob-immo.be\\\/de\\\/trouver-un-bien\\\/\",\"name\":\"\u00dcberlassen Sie uns die Suche nach Ihrer Traum-Immobilie. - HOB Real Estate\",\"isPartOf\":{\"@id\":\"https:\\\/\\\/hob-immo.be\\\/#website\"},\"datePublished\":\"2020-02-14T13:31:25+00:00\",\"dateModified\":\"2025-12-22T13:26:48+00:00\",\"description\":\"Immobilien, die Ihre Kriterien erf\u00fcllen \u2013 HOB Unkomplizierte Abwicklung\u2713 Schnelle R\u00fcckmeldung\u2713 H\u00e4user, Wohnungen und mehr\u2713 Finden Sie mit HOB Immobilien, die Ihre pers\u00f6nlichen Kriterien erf\u00fcllen.\",\"breadcrumb\":{\"@id\":\"https:\\\/\\\/hob-immo.be\\\/de\\\/trouver-un-bien\\\/#breadcrumb\"},\"inLanguage\":\"de\",\"potentialAction\":[{\"@type\":\"ReadAction\",\"target\":[\"https:\\\/\\\/hob-immo.be\\\/de\\\/trouver-un-bien\\\/\"]}]},{\"@type\":\"BreadcrumbList\",\"@id\":\"https:\\\/\\\/hob-immo.be\\\/de\\\/trouver-un-bien\\\/#breadcrumb\",\"itemListElement\":[{\"@type\":\"ListItem\",\"position\":1,\"name\":\"Accueil\",\"item\":\"https:\\\/\\\/hob-immo.be\\\/de\\\/\"},{\"@type\":\"ListItem\",\"position\":2,\"name\":\"\u00dcberlassen Sie uns die Suche nach Ihrer Traum-Immobilie.\"}]},{\"@type\":\"WebSite\",\"@id\":\"https:\\\/\\\/hob-immo.be\\\/#website\",\"url\":\"https:\\\/\\\/hob-immo.be\\\/\",\"name\":\"HOB Real Estate\",\"description\":\"Immobilien, die zu Ihnen und Ihrem Leben passen\",\"potentialAction\":[{\"@type\":\"SearchAction\",\"target\":{\"@type\":\"EntryPoint\",\"urlTemplate\":\"https:\\\/\\\/hob-immo.be\\\/?s={search_term_string}\"},\"query-input\":{\"@type\":\"PropertyValueSpecification\",\"valueRequired\":true,\"valueName\":\"search_term_string\"}}],\"inLanguage\":\"de\"}]}<\/script>\n<!-- \/ Yoast SEO plugin. -->","yoast_head_json":{"title":"\u00dcberlassen Sie uns die Suche nach Ihrer Traum-Immobilie. - HOB Real Estate - HOB Real Estate","description":"Immobilien, die Ihre Kriterien erf\u00fcllen \u2013 HOB Unkomplizierte Abwicklung\u2713 Schnelle R\u00fcckmeldung\u2713 H\u00e4user, Wohnungen und mehr\u2713 Finden Sie mit HOB Immobilien, die Ihre pers\u00f6nlichen Kriterien erf\u00fcllen.","robots":{"index":"index","follow":"follow","max-snippet":"max-snippet:-1","max-image-preview":"max-image-preview:large","max-video-preview":"max-video-preview:-1"},"canonical":"https:\/\/hob-immo.be\/de\/trouver-un-bien\/","og_locale":"de_DE","og_type":"article","og_title":"\u00dcberlassen Sie uns die Suche nach Ihrer Traum-Immobilie. - HOB Real Estate","og_description":"Immobilien, die Ihre Kriterien erf\u00fcllen \u2013 HOB Unkomplizierte Abwicklung\u2713 Schnelle R\u00fcckmeldung\u2713 H\u00e4user, Wohnungen und mehr\u2713 Finden Sie mit HOB Immobilien, die Ihre pers\u00f6nlichen Kriterien erf\u00fcllen.","og_url":"https:\/\/hob-immo.be\/de\/trouver-un-bien\/","og_site_name":"HOB Real Estate","article_modified_time":"2025-12-22T13:26:48+00:00","twitter_card":"summary_large_image","twitter_misc":{"Gesch\u00e4tzte Lesezeit":"1\u00a0Minute"},"schema":{"@context":"https:\/\/schema.org","@graph":[{"@type":"WebPage","@id":"https:\/\/hob-immo.be\/de\/trouver-un-bien\/","url":"https:\/\/hob-immo.be\/de\/trouver-un-bien\/","name":"\u00dcberlassen Sie uns die Suche nach Ihrer Traum-Immobilie. - HOB Real Estate","isPartOf":{"@id":"https:\/\/hob-immo.be\/#website"},"datePublished":"2020-02-14T13:31:25+00:00","dateModified":"2025-12-22T13:26:48+00:00","description":"Immobilien, die Ihre Kriterien erf\u00fcllen \u2013 HOB Unkomplizierte Abwicklung\u2713 Schnelle R\u00fcckmeldung\u2713 H\u00e4user, Wohnungen und mehr\u2713 Finden Sie mit HOB Immobilien, die Ihre pers\u00f6nlichen Kriterien erf\u00fcllen.","breadcrumb":{"@id":"https:\/\/hob-immo.be\/de\/trouver-un-bien\/#breadcrumb"},"inLanguage":"de","potentialAction":[{"@type":"ReadAction","target":["https:\/\/hob-immo.be\/de\/trouver-un-bien\/"]}]},{"@type":"BreadcrumbList","@id":"https:\/\/hob-immo.be\/de\/trouver-un-bien\/#breadcrumb","itemListElement":[{"@type":"ListItem","position":1,"name":"Accueil","item":"https:\/\/hob-immo.be\/de\/"},{"@type":"ListItem","position":2,"name":"\u00dcberlassen Sie uns die Suche nach Ihrer Traum-Immobilie."}]},{"@type":"WebSite","@id":"https:\/\/hob-immo.be\/#website","url":"https:\/\/hob-immo.be\/","name":"HOB Real Estate","description":"Immobilien, die zu Ihnen und Ihrem Leben passen","potentialAction":[{"@type":"SearchAction","target":{"@type":"EntryPoint","urlTemplate":"https:\/\/hob-immo.be\/?s={search_term_string}"},"query-input":{"@type":"PropertyValueSpecification","valueRequired":true,"valueName":"search_term_string"}}],"inLanguage":"de"}]}},"_links":{"self":[{"href":"https:\/\/hob-immo.be\/de\/wp-json\/wp\/v2\/pages\/1105","targetHints":{"allow":["GET"]}}],"collection":[{"href":"https:\/\/hob-immo.be\/de\/wp-json\/wp\/v2\/pages"}],"about":[{"href":"https:\/\/hob-immo.be\/de\/wp-json\/wp\/v2\/types\/page"}],"author":[{"embeddable":true,"href":"https:\/\/hob-immo.be\/de\/wp-json\/wp\/v2\/users\/1"}],"replies":[{"embeddable":true,"href":"https:\/\/hob-immo.be\/de\/wp-json\/wp\/v2\/comments?post=1105"}],"version-history":[{"count":1,"href":"https:\/\/hob-immo.be\/de\/wp-json\/wp\/v2\/pages\/1105\/revisions"}],"predecessor-version":[{"id":8490,"href":"https:\/\/hob-immo.be\/de\/wp-json\/wp\/v2\/pages\/1105\/revisions\/8490"}],"wp:attachment":[{"href":"https:\/\/hob-immo.be\/de\/wp-json\/wp\/v2\/media?parent=1105"}],"curies":[{"name":"wp","href":"https:\/\/api.w.org\/{rel}","templated":true}]}}