{"id":1250,"date":"2020-03-19T11:21:21","date_gmt":"2020-03-19T10:21:21","guid":{"rendered":"https:\/\/hob-immo.be\/le-proprietaire\/"},"modified":"2023-09-11T15:03:29","modified_gmt":"2023-09-11T13:03:29","slug":"immobilien-verkaufen-oder-vermieten","status":"publish","type":"page","link":"https:\/\/hob-immo.be\/de\/immobilien-verkaufen-oder-vermieten\/","title":{"rendered":"Wir wissen den wahren Wert Ihrer Immobilie zu sch\u00e4tzen"},"content":{"rendered":"<div class=\"wp-block-image\">\n<figure class=\"aligncenter size-full is-resized\"><img loading=\"lazy\" decoding=\"async\" src=\"https:\/\/hob-immo.be\/wp-content\/uploads\/Landschaft.jpg\" alt=\"\" class=\"wp-image-5671\" width=\"399\" height=\"288\" \/><\/figure>\n<\/div>\n\n\n<h2 class=\"wp-block-heading\">Immobilienbewertungen von HOB \u2013 fair, transparent und serviceorientiert<\/h2>\n\n\n\n<p>Sie m\u00f6chten Ihre Immobilie verkaufen und dabei von einer maximalen Wertsteigerung profitieren? Oder sind Sie auf der Suche nach einem potenziellen Mieter? Dann vertrauen Sie auf den Service von <strong>Home &amp; Office Building<\/strong>. Wir  nehmen uns die n\u00f6tige Zeit, um Sie umfassend zu beraten, werfen gemeinsam mit Ihnen einen Blick auf die <strong>Immobilie <\/strong>und begleiten Sie dar\u00fcber hinaus bei allen <strong>administrativen <\/strong>Schritten \u2013 angefangen bei gesetzlichen  Bescheinigungen bis hin zum ben\u00f6tigten Energieausweis. Damit schnell der passende K\u00e4ufer oder Mieter f\u00fcr Ihre Immobilie gefunden ist, pr\u00e4sentieren wir diese von ihrer sch\u00f6nsten Seite und erstellen ein ansprechendes und werbewirksames Expos\u00e9, das \u00fcberzeugt.<\/p>\n","protected":false},"excerpt":{"rendered":"<p>Immobilienbewertungen von HOB \u2013 fair, transparent und serviceorientiert Sie m\u00f6chten [&hellip;]<\/p>\n","protected":false},"author":1,"featured_media":0,"parent":0,"menu_order":0,"comment_status":"closed","ping_status":"closed","template":"page-owner.php","meta":{"_acf_changed":false,"footnotes":""},"class_list":["post-1250","page","type-page","status-publish","hentry"],"acf":[],"yoast_head":"<!-- This site is optimized with the Yoast SEO plugin v27.3 - https:\/\/yoast.com\/product\/yoast-seo-wordpress\/ -->\n<title>Wir wissen den wahren Wert Ihrer Immobilie zu sch\u00e4tzen - HOB Real Estate - HOB Real Estate<\/title>\n<meta name=\"description\" content=\"Wohnungen\u2713 H\u00e4user\u2713 Gewerbeeinheiten\u2713 Home &amp; Office Building kennt denWert Ihrer Immobilie und findet f\u00fcr Sie den passenden K\u00e4ufer.\" \/>\n<meta name=\"robots\" content=\"index, follow, max-snippet:-1, max-image-preview:large, max-video-preview:-1\" \/>\n<link rel=\"canonical\" href=\"https:\/\/hob-immo.be\/de\/immobilien-verkaufen-oder-vermieten\/\" \/>\n<meta property=\"og:locale\" content=\"de_DE\" \/>\n<meta property=\"og:type\" content=\"article\" \/>\n<meta property=\"og:title\" content=\"Wir wissen den wahren Wert Ihrer Immobilie zu sch\u00e4tzen - HOB Real Estate\" \/>\n<meta property=\"og:description\" content=\"Wohnungen\u2713 H\u00e4user\u2713 Gewerbeeinheiten\u2713 Home &amp; Office Building kennt denWert Ihrer Immobilie und findet f\u00fcr Sie den passenden K\u00e4ufer.\" \/>\n<meta property=\"og:url\" content=\"https:\/\/hob-immo.be\/de\/immobilien-verkaufen-oder-vermieten\/\" \/>\n<meta property=\"og:site_name\" content=\"HOB Real Estate\" \/>\n<meta property=\"article:modified_time\" content=\"2023-09-11T13:03:29+00:00\" \/>\n<meta property=\"og:image\" content=\"https:\/\/hob-immo.be\/wp-content\/uploads\/Landschaft.jpg\" \/>\n<meta name=\"twitter:card\" content=\"summary_large_image\" \/>\n<meta name=\"twitter:label1\" content=\"Gesch\u00e4tzte Lesezeit\" \/>\n\t<meta name=\"twitter:data1\" content=\"1\u00a0Minute\" \/>\n<script type=\"application\/ld+json\" class=\"yoast-schema-graph\">{\"@context\":\"https:\\\/\\\/schema.org\",\"@graph\":[{\"@type\":\"WebPage\",\"@id\":\"https:\\\/\\\/hob-immo.be\\\/de\\\/immobilien-verkaufen-oder-vermieten\\\/\",\"url\":\"https:\\\/\\\/hob-immo.be\\\/de\\\/immobilien-verkaufen-oder-vermieten\\\/\",\"name\":\"Wir wissen den wahren Wert Ihrer Immobilie zu sch\u00e4tzen - HOB Real Estate\",\"isPartOf\":{\"@id\":\"https:\\\/\\\/hob-immo.be\\\/#website\"},\"primaryImageOfPage\":{\"@id\":\"https:\\\/\\\/hob-immo.be\\\/de\\\/immobilien-verkaufen-oder-vermieten\\\/#primaryimage\"},\"image\":{\"@id\":\"https:\\\/\\\/hob-immo.be\\\/de\\\/immobilien-verkaufen-oder-vermieten\\\/#primaryimage\"},\"thumbnailUrl\":\"https:\\\/\\\/hob-immo.be\\\/wp-content\\\/uploads\\\/Landschaft.jpg\",\"datePublished\":\"2020-03-19T10:21:21+00:00\",\"dateModified\":\"2023-09-11T13:03:29+00:00\",\"description\":\"Wohnungen\u2713 H\u00e4user\u2713 Gewerbeeinheiten\u2713 Home & Office Building kennt denWert Ihrer Immobilie und findet f\u00fcr Sie den passenden K\u00e4ufer.\",\"breadcrumb\":{\"@id\":\"https:\\\/\\\/hob-immo.be\\\/de\\\/immobilien-verkaufen-oder-vermieten\\\/#breadcrumb\"},\"inLanguage\":\"de\",\"potentialAction\":[{\"@type\":\"ReadAction\",\"target\":[\"https:\\\/\\\/hob-immo.be\\\/de\\\/immobilien-verkaufen-oder-vermieten\\\/\"]}]},{\"@type\":\"ImageObject\",\"inLanguage\":\"de\",\"@id\":\"https:\\\/\\\/hob-immo.be\\\/de\\\/immobilien-verkaufen-oder-vermieten\\\/#primaryimage\",\"url\":\"https:\\\/\\\/hob-immo.be\\\/wp-content\\\/uploads\\\/Landschaft.jpg\",\"contentUrl\":\"https:\\\/\\\/hob-immo.be\\\/wp-content\\\/uploads\\\/Landschaft.jpg\"},{\"@type\":\"BreadcrumbList\",\"@id\":\"https:\\\/\\\/hob-immo.be\\\/de\\\/immobilien-verkaufen-oder-vermieten\\\/#breadcrumb\",\"itemListElement\":[{\"@type\":\"ListItem\",\"position\":1,\"name\":\"Accueil\",\"item\":\"https:\\\/\\\/hob-immo.be\\\/de\\\/\"},{\"@type\":\"ListItem\",\"position\":2,\"name\":\"Wir wissen den wahren Wert Ihrer Immobilie zu sch\u00e4tzen\"}]},{\"@type\":\"WebSite\",\"@id\":\"https:\\\/\\\/hob-immo.be\\\/#website\",\"url\":\"https:\\\/\\\/hob-immo.be\\\/\",\"name\":\"HOB Real Estate\",\"description\":\"Immobilien, die zu Ihnen und Ihrem Leben passen\",\"potentialAction\":[{\"@type\":\"SearchAction\",\"target\":{\"@type\":\"EntryPoint\",\"urlTemplate\":\"https:\\\/\\\/hob-immo.be\\\/?s={search_term_string}\"},\"query-input\":{\"@type\":\"PropertyValueSpecification\",\"valueRequired\":true,\"valueName\":\"search_term_string\"}}],\"inLanguage\":\"de\"}]}<\/script>\n<!-- \/ Yoast SEO plugin. -->","yoast_head_json":{"title":"Wir wissen den wahren Wert Ihrer Immobilie zu sch\u00e4tzen - HOB Real Estate - HOB Real Estate","description":"Wohnungen\u2713 H\u00e4user\u2713 Gewerbeeinheiten\u2713 Home & Office Building kennt denWert Ihrer Immobilie und findet f\u00fcr Sie den passenden K\u00e4ufer.","robots":{"index":"index","follow":"follow","max-snippet":"max-snippet:-1","max-image-preview":"max-image-preview:large","max-video-preview":"max-video-preview:-1"},"canonical":"https:\/\/hob-immo.be\/de\/immobilien-verkaufen-oder-vermieten\/","og_locale":"de_DE","og_type":"article","og_title":"Wir wissen den wahren Wert Ihrer Immobilie zu sch\u00e4tzen - HOB Real Estate","og_description":"Wohnungen\u2713 H\u00e4user\u2713 Gewerbeeinheiten\u2713 Home & Office Building kennt denWert Ihrer Immobilie und findet f\u00fcr Sie den passenden K\u00e4ufer.","og_url":"https:\/\/hob-immo.be\/de\/immobilien-verkaufen-oder-vermieten\/","og_site_name":"HOB Real Estate","article_modified_time":"2023-09-11T13:03:29+00:00","og_image":[{"url":"https:\/\/hob-immo.be\/wp-content\/uploads\/Landschaft.jpg","type":"","width":"","height":""}],"twitter_card":"summary_large_image","twitter_misc":{"Gesch\u00e4tzte Lesezeit":"1\u00a0Minute"},"schema":{"@context":"https:\/\/schema.org","@graph":[{"@type":"WebPage","@id":"https:\/\/hob-immo.be\/de\/immobilien-verkaufen-oder-vermieten\/","url":"https:\/\/hob-immo.be\/de\/immobilien-verkaufen-oder-vermieten\/","name":"Wir wissen den wahren Wert Ihrer Immobilie zu sch\u00e4tzen - HOB Real Estate","isPartOf":{"@id":"https:\/\/hob-immo.be\/#website"},"primaryImageOfPage":{"@id":"https:\/\/hob-immo.be\/de\/immobilien-verkaufen-oder-vermieten\/#primaryimage"},"image":{"@id":"https:\/\/hob-immo.be\/de\/immobilien-verkaufen-oder-vermieten\/#primaryimage"},"thumbnailUrl":"https:\/\/hob-immo.be\/wp-content\/uploads\/Landschaft.jpg","datePublished":"2020-03-19T10:21:21+00:00","dateModified":"2023-09-11T13:03:29+00:00","description":"Wohnungen\u2713 H\u00e4user\u2713 Gewerbeeinheiten\u2713 Home & Office Building kennt denWert Ihrer Immobilie und findet f\u00fcr Sie den passenden K\u00e4ufer.","breadcrumb":{"@id":"https:\/\/hob-immo.be\/de\/immobilien-verkaufen-oder-vermieten\/#breadcrumb"},"inLanguage":"de","potentialAction":[{"@type":"ReadAction","target":["https:\/\/hob-immo.be\/de\/immobilien-verkaufen-oder-vermieten\/"]}]},{"@type":"ImageObject","inLanguage":"de","@id":"https:\/\/hob-immo.be\/de\/immobilien-verkaufen-oder-vermieten\/#primaryimage","url":"https:\/\/hob-immo.be\/wp-content\/uploads\/Landschaft.jpg","contentUrl":"https:\/\/hob-immo.be\/wp-content\/uploads\/Landschaft.jpg"},{"@type":"BreadcrumbList","@id":"https:\/\/hob-immo.be\/de\/immobilien-verkaufen-oder-vermieten\/#breadcrumb","itemListElement":[{"@type":"ListItem","position":1,"name":"Accueil","item":"https:\/\/hob-immo.be\/de\/"},{"@type":"ListItem","position":2,"name":"Wir wissen den wahren Wert Ihrer Immobilie zu sch\u00e4tzen"}]},{"@type":"WebSite","@id":"https:\/\/hob-immo.be\/#website","url":"https:\/\/hob-immo.be\/","name":"HOB Real Estate","description":"Immobilien, die zu Ihnen und Ihrem Leben passen","potentialAction":[{"@type":"SearchAction","target":{"@type":"EntryPoint","urlTemplate":"https:\/\/hob-immo.be\/?s={search_term_string}"},"query-input":{"@type":"PropertyValueSpecification","valueRequired":true,"valueName":"search_term_string"}}],"inLanguage":"de"}]}},"_links":{"self":[{"href":"https:\/\/hob-immo.be\/de\/wp-json\/wp\/v2\/pages\/1250","targetHints":{"allow":["GET"]}}],"collection":[{"href":"https:\/\/hob-immo.be\/de\/wp-json\/wp\/v2\/pages"}],"about":[{"href":"https:\/\/hob-immo.be\/de\/wp-json\/wp\/v2\/types\/page"}],"author":[{"embeddable":true,"href":"https:\/\/hob-immo.be\/de\/wp-json\/wp\/v2\/users\/1"}],"replies":[{"embeddable":true,"href":"https:\/\/hob-immo.be\/de\/wp-json\/wp\/v2\/comments?post=1250"}],"version-history":[{"count":0,"href":"https:\/\/hob-immo.be\/de\/wp-json\/wp\/v2\/pages\/1250\/revisions"}],"wp:attachment":[{"href":"https:\/\/hob-immo.be\/de\/wp-json\/wp\/v2\/media?parent=1250"}],"curies":[{"name":"wp","href":"https:\/\/api.w.org\/{rel}","templated":true}]}}