{"id":4544,"date":"2021-09-29T16:46:06","date_gmt":"2021-09-29T14:46:06","guid":{"rendered":"https:\/\/hob-immo.be\/tarifs\/"},"modified":"2026-01-19T14:58:49","modified_gmt":"2026-01-19T13:58:49","slug":"tarifs","status":"publish","type":"page","link":"https:\/\/hob-immo.be\/de\/tarifs\/","title":{"rendered":"Tarife"},"content":{"rendered":"\n<h2 class=\"wp-block-heading\">Verkauf <\/h2>\n\n\n\n<p>In Belgien ist es \u00fcblich, dass der Kunde, der einen Immobilienmakler beauftragt, die Provision zahlen muss.<br>Die Maklergeb\u00fchren sind in der Regel vom Verk\u00e4ufer zu zahlen, da er den Kaufvertrag mit dem Makler unterzeichnet.<br>Da die Dienstleistung des Maklers f\u00fcr den K\u00e4ufer erbracht wird, kann auch ein Provisionsanteil f\u00fcr den K\u00e4ufer in Betracht gezogen werden.<\/p>\n\n\n\n<h2 class=\"wp-block-heading\">Provision f\u00fcr den Verkauf von Immobilien aller Art <\/h2>\n\n\n\n<p>Unsere Provisionen f\u00fcr den Verkauf von Immobilien aller Art belaufen sich auf : 3,63 % inkl. MwSt. <\/p>\n\n\n\n<p>Die Mindestprovision betr\u00e4gt 6.050,- \u20ac inkl. MwSt.<\/p>\n\n\n\n<h2 class=\"wp-block-heading\">Vermietung von Wohnimmobilien und Gesch\u00e4ftsr\u00e4umen <\/h2>\n\n\n\n<p>Die Vermittlungsgeb\u00fchr f\u00fcr die Vermietung betr\u00e4gt eine monatliche Kaltmiete zuz\u00fcglich MwSt.<\/p>\n\n\n\n<p>F\u00fcr jede Anpassung von Dokumenten im Zusammenhang mit einer Vermietung, bel\u00e4uft sich das Honorar auf 150 \u20ac inklusive Mwst. Sie ist von demjenigen zu zahlen, der der Agentur einen Auftrag erteilt hat.<\/p>\n\n\n\n<h2 class=\"wp-block-heading\">Immobilienbewertung <\/h2>\n\n\n\n<p>Die Wertsch\u00e4tzung einer Immobilie ist kostenfrei, wenn der Kunde einen Verkaufsauftrag unterschreibt.<\/p>\n\n\n\n<p>Nimmt der Kunde die Dienste der Agentur nur in Anspruch, um die Immobilie bewerten zu lassen, betr\u00e4gt die Geb\u00fchr f\u00fcr eine Immobilienbewertung (ohne schriftliche Best\u00e4tigung) 350 \u20ac inkl. MwSt.<\/p>\n\n\n\n<h2 class=\"wp-block-heading\">Schriftliche Immobilienbewertung <\/h2>\n\n\n\n<p>Die Geb\u00fchr f\u00fcr eine schriftliche Immobilienbewertung betr\u00e4gt 605,- \u20ac inkl. MwSt.<\/p>\n\n\n\n<h2 class=\"wp-block-heading\">Alle Tarife k\u00f6nnen unter Umst\u00e4nden abge\u00e4ndert werden.<\/h2>\n","protected":false},"excerpt":{"rendered":"<p>Verkauf In Belgien ist es \u00fcblich, dass der Kunde, der [&hellip;]<\/p>\n","protected":false},"author":1,"featured_media":0,"parent":0,"menu_order":0,"comment_status":"closed","ping_status":"closed","template":"","meta":{"_acf_changed":false,"footnotes":""},"class_list":["post-4544","page","type-page","status-publish","hentry"],"acf":[],"yoast_head":"<!-- This site is optimized with the Yoast SEO plugin v27.3 - https:\/\/yoast.com\/product\/yoast-seo-wordpress\/ -->\n<title>Tarife - HOB Real Estate - HOB Real Estate<\/title>\n<meta name=\"robots\" content=\"index, follow, max-snippet:-1, max-image-preview:large, max-video-preview:-1\" \/>\n<link rel=\"canonical\" href=\"https:\/\/hob-immo.be\/de\/tarifs\/\" \/>\n<meta property=\"og:locale\" content=\"de_DE\" \/>\n<meta property=\"og:type\" content=\"article\" \/>\n<meta property=\"og:title\" content=\"Tarife - HOB Real Estate\" \/>\n<meta property=\"og:description\" content=\"Verkauf In Belgien ist es \u00fcblich, dass der Kunde, der [&hellip;]\" \/>\n<meta property=\"og:url\" content=\"https:\/\/hob-immo.be\/de\/tarifs\/\" \/>\n<meta property=\"og:site_name\" content=\"HOB Real Estate\" \/>\n<meta property=\"article:modified_time\" content=\"2026-01-19T13:58:49+00:00\" \/>\n<meta name=\"twitter:card\" content=\"summary_large_image\" \/>\n<meta name=\"twitter:label1\" content=\"Gesch\u00e4tzte Lesezeit\" \/>\n\t<meta name=\"twitter:data1\" content=\"2\u00a0Minute\" \/>\n<script type=\"application\/ld+json\" class=\"yoast-schema-graph\">{\"@context\":\"https:\\\/\\\/schema.org\",\"@graph\":[{\"@type\":\"WebPage\",\"@id\":\"https:\\\/\\\/hob-immo.be\\\/de\\\/tarifs\\\/\",\"url\":\"https:\\\/\\\/hob-immo.be\\\/de\\\/tarifs\\\/\",\"name\":\"Tarife - HOB Real Estate\",\"isPartOf\":{\"@id\":\"https:\\\/\\\/hob-immo.be\\\/#website\"},\"datePublished\":\"2021-09-29T14:46:06+00:00\",\"dateModified\":\"2026-01-19T13:58:49+00:00\",\"breadcrumb\":{\"@id\":\"https:\\\/\\\/hob-immo.be\\\/de\\\/tarifs\\\/#breadcrumb\"},\"inLanguage\":\"de\",\"potentialAction\":[{\"@type\":\"ReadAction\",\"target\":[\"https:\\\/\\\/hob-immo.be\\\/de\\\/tarifs\\\/\"]}]},{\"@type\":\"BreadcrumbList\",\"@id\":\"https:\\\/\\\/hob-immo.be\\\/de\\\/tarifs\\\/#breadcrumb\",\"itemListElement\":[{\"@type\":\"ListItem\",\"position\":1,\"name\":\"Accueil\",\"item\":\"https:\\\/\\\/hob-immo.be\\\/de\\\/\"},{\"@type\":\"ListItem\",\"position\":2,\"name\":\"Tarife\"}]},{\"@type\":\"WebSite\",\"@id\":\"https:\\\/\\\/hob-immo.be\\\/#website\",\"url\":\"https:\\\/\\\/hob-immo.be\\\/\",\"name\":\"HOB Real Estate\",\"description\":\"Immobilien, die zu Ihnen und Ihrem Leben passen\",\"potentialAction\":[{\"@type\":\"SearchAction\",\"target\":{\"@type\":\"EntryPoint\",\"urlTemplate\":\"https:\\\/\\\/hob-immo.be\\\/?s={search_term_string}\"},\"query-input\":{\"@type\":\"PropertyValueSpecification\",\"valueRequired\":true,\"valueName\":\"search_term_string\"}}],\"inLanguage\":\"de\"}]}<\/script>\n<!-- \/ Yoast SEO plugin. -->","yoast_head_json":{"title":"Tarife - HOB Real Estate - HOB Real Estate","robots":{"index":"index","follow":"follow","max-snippet":"max-snippet:-1","max-image-preview":"max-image-preview:large","max-video-preview":"max-video-preview:-1"},"canonical":"https:\/\/hob-immo.be\/de\/tarifs\/","og_locale":"de_DE","og_type":"article","og_title":"Tarife - HOB Real Estate","og_description":"Verkauf In Belgien ist es \u00fcblich, dass der Kunde, der [&hellip;]","og_url":"https:\/\/hob-immo.be\/de\/tarifs\/","og_site_name":"HOB Real Estate","article_modified_time":"2026-01-19T13:58:49+00:00","twitter_card":"summary_large_image","twitter_misc":{"Gesch\u00e4tzte Lesezeit":"2\u00a0Minute"},"schema":{"@context":"https:\/\/schema.org","@graph":[{"@type":"WebPage","@id":"https:\/\/hob-immo.be\/de\/tarifs\/","url":"https:\/\/hob-immo.be\/de\/tarifs\/","name":"Tarife - HOB Real Estate","isPartOf":{"@id":"https:\/\/hob-immo.be\/#website"},"datePublished":"2021-09-29T14:46:06+00:00","dateModified":"2026-01-19T13:58:49+00:00","breadcrumb":{"@id":"https:\/\/hob-immo.be\/de\/tarifs\/#breadcrumb"},"inLanguage":"de","potentialAction":[{"@type":"ReadAction","target":["https:\/\/hob-immo.be\/de\/tarifs\/"]}]},{"@type":"BreadcrumbList","@id":"https:\/\/hob-immo.be\/de\/tarifs\/#breadcrumb","itemListElement":[{"@type":"ListItem","position":1,"name":"Accueil","item":"https:\/\/hob-immo.be\/de\/"},{"@type":"ListItem","position":2,"name":"Tarife"}]},{"@type":"WebSite","@id":"https:\/\/hob-immo.be\/#website","url":"https:\/\/hob-immo.be\/","name":"HOB Real Estate","description":"Immobilien, die zu Ihnen und Ihrem Leben passen","potentialAction":[{"@type":"SearchAction","target":{"@type":"EntryPoint","urlTemplate":"https:\/\/hob-immo.be\/?s={search_term_string}"},"query-input":{"@type":"PropertyValueSpecification","valueRequired":true,"valueName":"search_term_string"}}],"inLanguage":"de"}]}},"_links":{"self":[{"href":"https:\/\/hob-immo.be\/de\/wp-json\/wp\/v2\/pages\/4544","targetHints":{"allow":["GET"]}}],"collection":[{"href":"https:\/\/hob-immo.be\/de\/wp-json\/wp\/v2\/pages"}],"about":[{"href":"https:\/\/hob-immo.be\/de\/wp-json\/wp\/v2\/types\/page"}],"author":[{"embeddable":true,"href":"https:\/\/hob-immo.be\/de\/wp-json\/wp\/v2\/users\/1"}],"replies":[{"embeddable":true,"href":"https:\/\/hob-immo.be\/de\/wp-json\/wp\/v2\/comments?post=4544"}],"version-history":[{"count":3,"href":"https:\/\/hob-immo.be\/de\/wp-json\/wp\/v2\/pages\/4544\/revisions"}],"predecessor-version":[{"id":8523,"href":"https:\/\/hob-immo.be\/de\/wp-json\/wp\/v2\/pages\/4544\/revisions\/8523"}],"wp:attachment":[{"href":"https:\/\/hob-immo.be\/de\/wp-json\/wp\/v2\/media?parent=4544"}],"curies":[{"name":"wp","href":"https:\/\/api.w.org\/{rel}","templated":true}]}}